{"id":4008,"date":"2021-08-31T10:47:44","date_gmt":"2021-08-31T08:47:44","guid":{"rendered":"http:\/\/largilliere-finance.com\/donnees-personnelles\/"},"modified":"2023-10-19T11:02:21","modified_gmt":"2023-10-19T09:02:21","slug":"privacy-policy","status":"publish","type":"page","link":"https:\/\/largilliere-finance.com\/en\/privacy-policy\/","title":{"rendered":"Privacy policy"},"content":{"rendered":"\t\t<div data-elementor-type=\"wp-page\" data-elementor-id=\"4008\" class=\"elementor elementor-4008 elementor-3997\" data-elementor-post-type=\"page\">\n\t\t\t\t\t\t<section class=\"elementor-section elementor-top-section elementor-element elementor-element-1cd3862 elementor-section-height-min-height elementor-section-boxed elementor-section-height-default elementor-section-items-middle\" data-id=\"1cd3862\" data-element_type=\"section\" data-settings=\"{&quot;background_background&quot;:&quot;classic&quot;}\">\n\t\t\t\t\t\t\t<div class=\"elementor-background-overlay\"><\/div>\n\t\t\t\t\t\t\t<div class=\"elementor-container elementor-column-gap-default\">\n\t\t\t\t\t<div class=\"elementor-column elementor-col-50 elementor-top-column elementor-element elementor-element-5617648\" data-id=\"5617648\" data-element_type=\"column\">\n\t\t\t<div class=\"elementor-widget-wrap elementor-element-populated\">\n\t\t\t\t\t\t<div class=\"elementor-element elementor-element-f62b437 elementor-widget elementor-widget-heading\" data-id=\"f62b437\" data-element_type=\"widget\" data-widget_type=\"heading.default\">\n\t\t\t\t<div class=\"elementor-widget-container\">\n\t\t\t\t\t<h1 class=\"elementor-heading-title elementor-size-default\">Privacy policy<\/h1>\t\t\t\t<\/div>\n\t\t\t\t<\/div>\n\t\t\t\t\t<\/div>\n\t\t<\/div>\n\t\t\t\t<div class=\"elementor-column elementor-col-50 elementor-top-column elementor-element elementor-element-1130f76 elementor-hidden-phone\" data-id=\"1130f76\" data-element_type=\"column\">\n\t\t\t<div class=\"elementor-widget-wrap\">\n\t\t\t\t\t\t\t<\/div>\n\t\t<\/div>\n\t\t\t\t\t<\/div>\n\t\t<\/section>\n\t\t\t\t<section class=\"elementor-section elementor-top-section elementor-element elementor-element-72463ef elementor-section-boxed elementor-section-height-default elementor-section-height-default\" data-id=\"72463ef\" data-element_type=\"section\">\n\t\t\t\t\t\t<div class=\"elementor-container elementor-column-gap-default\">\n\t\t\t\t\t<div class=\"elementor-column elementor-col-100 elementor-top-column elementor-element elementor-element-15cb941\" data-id=\"15cb941\" data-element_type=\"column\">\n\t\t\t<div class=\"elementor-widget-wrap elementor-element-populated\">\n\t\t\t\t\t\t<div class=\"elementor-element elementor-element-c3caaae elementor-widget elementor-widget-text-editor\" data-id=\"c3caaae\" data-element_type=\"widget\" data-widget_type=\"text-editor.default\">\n\t\t\t\t<div class=\"elementor-widget-container\">\n\t\t\t\t\t\t\t\t\t<p>We take your privacy very seriously!<\/p>\n<p>Thank you for using our websites and our services! Like you, we believe that personal integrity is important, and we take your privacy seriously. This privacy charter is relevant for any individual who is sharing personal data directly or indirectly with LARGILLIERE FINANCE by visiting our websites.<br \/>\nLARGILLIERE FINANCE is a company with its principal office in France and, as such, we adhere to the French legislation on the protection of personal information (1998: 204), which applies the EU Directive on data protection, 95\/46\/EC.<br \/>\nOur registered office is at 17-19 avenue Montaigne, 75008 Paris.<br \/>\nPlease don\u2019t hesitate to tell us of your questions or concerns as to data protection. You can send an email to: <a href=\"mailto:contact@largilliere-finance.com\">contact@largilliere-finance.com<\/a>.<br \/>\nIn this privacy charter, we explain what types of personal data we might process and why. We also explain the choices you have regarding our processing and the way you can learn more about our processing of data and your rights.<\/p>\n<p><strong>SCOPE OF THE PRIVACY CHARTER<\/strong><br \/>\nPlease note that this privacy charter relates to the processing of the personal data for which LARGILLIERE FINANCE is the controller.<br \/>\nTo avoid any ambiguity, this Privacy Charter concerns no processing of personal data that LARGILLIERE FINANCE might do as a sub-contractor arising out of your use of our services.<br \/>\nTo obtain more information about the way in which our services might be used to facilitate your processing of personal data, and about LARGILLIERE FINANCE\u2019s responsibilities and commitment with respect to that data, please refers to the applicable conditions.<\/p>\n<p><strong>PERSONAL DATA PROCESSED<\/strong><br \/>\n\u201cPersonal data\u201d refers to the data that identify you as an individual. We may process the following types of personal data concerning you:<br \/>\nYour contact details, including your name, email address and telephone number.<br \/>\nUser information, e.g., if you log on to our service to visit our websites. This information might include the IP address, the type of peripheral and browser, the time zone, the geographical location, as well as your interests and preferences, information on how you interact with our services, e.g., concerning the features used and the buttons clicked.<br \/>\nOther information that we receive via your contacts.<\/p>\n<p><strong>PROCESSING PURPOSES<\/strong><br \/>\nWe process your personal data for the following purposes:<br \/>\nTo supply our services in accordance with the applicable conditions;<br \/>\nTo administer the business relationship with you and the LARGILLIERE FINANCE client that you represent;<br \/>\nTo develop and improve our services.<br \/>\nTo supply information and offers to current or potential LARGILLIERE FINANCE customers about our solution by selected third parties. To avoid any ambiguity, any marketing material distributed using your personal data is sent to you as a representative of a current or potential customer of LARGILLIERE FINANCE and not to you as an individual.<\/p>\n<p><strong>SHARING WITH THIRD PARTIES AND TRANSFER TO THIRD COUNTRIES<\/strong><br \/>\nWe may share personal data with third parties for the purposes explained above. To avoid any doubt, we will not share personal data with third parties in such a way that those third parties use personal data for direct marketing to you as an individual, but solely to you as a representative of a current or potential customer of LARGILLIERE FINANCE.<br \/>\nWe may transfer personal data to a country outside the European Economic Area, but we must then first obtain your consent or ensure that the transfer is legal and secure by taking other measures.<br \/>\nAs explained above, don\u2019t forget that this privacy charter does not concern any processing of data for which you may be liable after using our services. You, or the party you represent, are always responsible for your processing of personal data pursuant to the applicable legislation.<\/p>\n<p><strong>SERVICES USED BY LARGILLIERE FINANCE<\/strong><br \/>\nGoogle Analytics: Analyses the traffic to the website largilliere-finance.com\/<br \/>\nGoogle Tag Manager: Manages tags, enabling marketing managers to easily add tags (Analytics, remarketing, etc.) on their website.<\/p>\n<p><strong>YOUR RIGHTS<\/strong><br \/>\nIt is our obligation to process specific, relevant and necessary personal items while keeping in mind our legitimate purposes. It is your right to monitor us.<br \/>\nTo update the personal data that we process concerning you, please contact us at <a href=\"mailto:contact@largilliere-finance.com\">contact@largilliere-finance.com<\/a>. To receive an extract of personal data that we are processing about you, at no cost, please send us a signed letter to the following address: LARGILLIERE FINANCE 17-19 avenue Montaigne, 75008 Paris<\/p>\n\t\t\t\t\t\t\t\t<\/div>\n\t\t\t\t<\/div>\n\t\t\t\t\t<\/div>\n\t\t<\/div>\n\t\t\t\t\t<\/div>\n\t\t<\/section>\n\t\t\t\t<\/div>\n\t\t","protected":false},"excerpt":{"rendered":"","protected":false},"author":1,"featured_media":0,"parent":0,"menu_order":31,"comment_status":"closed","ping_status":"closed","template":"elementor_header_footer","meta":{"_acf_changed":false,"inline_featured_image":false,"footnotes":""},"class_list":["post-4008","page","type-page","status-publish","hentry"],"acf":[],"yoast_head":"<!-- This site is optimized with the Yoast SEO plugin v27.3 - https:\/\/yoast.com\/product\/yoast-seo-wordpress\/ -->\n<title>Privacy policy - Largilli\u00e8re<\/title>\n<meta name=\"robots\" content=\"index, follow, max-snippet:-1, max-image-preview:large, max-video-preview:-1\" \/>\n<link rel=\"canonical\" href=\"https:\/\/largilliere-finance.com\/en\/privacy-policy\/\" \/>\n<meta property=\"og:locale\" content=\"en_US\" \/>\n<meta property=\"og:type\" content=\"article\" \/>\n<meta property=\"og:title\" content=\"Privacy policy - Largilli\u00e8re\" \/>\n<meta property=\"og:url\" content=\"https:\/\/largilliere-finance.com\/en\/privacy-policy\/\" \/>\n<meta property=\"og:site_name\" content=\"Largilli\u00e8re\" \/>\n<meta property=\"article:modified_time\" content=\"2023-10-19T09:02:21+00:00\" \/>\n<meta name=\"twitter:card\" content=\"summary_large_image\" \/>\n<script type=\"application\/ld+json\" class=\"yoast-schema-graph\">{\"@context\":\"https:\\\/\\\/schema.org\",\"@graph\":[{\"@type\":\"WebPage\",\"@id\":\"https:\\\/\\\/largilliere-finance.com\\\/en\\\/privacy-policy\\\/\",\"url\":\"https:\\\/\\\/largilliere-finance.com\\\/en\\\/privacy-policy\\\/\",\"name\":\"Privacy policy - Largilli\u00e8re\",\"isPartOf\":{\"@id\":\"https:\\\/\\\/largilliere-finance.com\\\/en\\\/#website\"},\"datePublished\":\"2021-08-31T08:47:44+00:00\",\"dateModified\":\"2023-10-19T09:02:21+00:00\",\"inLanguage\":\"en-US\",\"potentialAction\":[{\"@type\":\"ReadAction\",\"target\":[\"https:\\\/\\\/largilliere-finance.com\\\/en\\\/privacy-policy\\\/\"]}]},{\"@type\":\"WebSite\",\"@id\":\"https:\\\/\\\/largilliere-finance.com\\\/en\\\/#website\",\"url\":\"https:\\\/\\\/largilliere-finance.com\\\/en\\\/\",\"name\":\"Largilli\u00e8re\",\"description\":\"Banque d&#039;affaires sp\u00e9cialiste des op\u00e9rations small et mid cap\",\"potentialAction\":[{\"@type\":\"SearchAction\",\"target\":{\"@type\":\"EntryPoint\",\"urlTemplate\":\"https:\\\/\\\/largilliere-finance.com\\\/en\\\/?s={search_term_string}\"},\"query-input\":{\"@type\":\"PropertyValueSpecification\",\"valueRequired\":true,\"valueName\":\"search_term_string\"}}],\"inLanguage\":\"en-US\"}]}<\/script>\n<!-- \/ Yoast SEO plugin. -->","yoast_head_json":{"title":"Privacy policy - Largilli\u00e8re","robots":{"index":"index","follow":"follow","max-snippet":"max-snippet:-1","max-image-preview":"max-image-preview:large","max-video-preview":"max-video-preview:-1"},"canonical":"https:\/\/largilliere-finance.com\/en\/privacy-policy\/","og_locale":"en_US","og_type":"article","og_title":"Privacy policy - Largilli\u00e8re","og_url":"https:\/\/largilliere-finance.com\/en\/privacy-policy\/","og_site_name":"Largilli\u00e8re","article_modified_time":"2023-10-19T09:02:21+00:00","twitter_card":"summary_large_image","schema":{"@context":"https:\/\/schema.org","@graph":[{"@type":"WebPage","@id":"https:\/\/largilliere-finance.com\/en\/privacy-policy\/","url":"https:\/\/largilliere-finance.com\/en\/privacy-policy\/","name":"Privacy policy - Largilli\u00e8re","isPartOf":{"@id":"https:\/\/largilliere-finance.com\/en\/#website"},"datePublished":"2021-08-31T08:47:44+00:00","dateModified":"2023-10-19T09:02:21+00:00","inLanguage":"en-US","potentialAction":[{"@type":"ReadAction","target":["https:\/\/largilliere-finance.com\/en\/privacy-policy\/"]}]},{"@type":"WebSite","@id":"https:\/\/largilliere-finance.com\/en\/#website","url":"https:\/\/largilliere-finance.com\/en\/","name":"Largilli\u00e8re","description":"Banque d&#039;affaires sp\u00e9cialiste des op\u00e9rations small et mid cap","potentialAction":[{"@type":"SearchAction","target":{"@type":"EntryPoint","urlTemplate":"https:\/\/largilliere-finance.com\/en\/?s={search_term_string}"},"query-input":{"@type":"PropertyValueSpecification","valueRequired":true,"valueName":"search_term_string"}}],"inLanguage":"en-US"}]}},"_links":{"self":[{"href":"https:\/\/largilliere-finance.com\/en\/wp-json\/wp\/v2\/pages\/4008","targetHints":{"allow":["GET"]}}],"collection":[{"href":"https:\/\/largilliere-finance.com\/en\/wp-json\/wp\/v2\/pages"}],"about":[{"href":"https:\/\/largilliere-finance.com\/en\/wp-json\/wp\/v2\/types\/page"}],"author":[{"embeddable":true,"href":"https:\/\/largilliere-finance.com\/en\/wp-json\/wp\/v2\/users\/1"}],"replies":[{"embeddable":true,"href":"https:\/\/largilliere-finance.com\/en\/wp-json\/wp\/v2\/comments?post=4008"}],"version-history":[{"count":1,"href":"https:\/\/largilliere-finance.com\/en\/wp-json\/wp\/v2\/pages\/4008\/revisions"}],"predecessor-version":[{"id":7468,"href":"https:\/\/largilliere-finance.com\/en\/wp-json\/wp\/v2\/pages\/4008\/revisions\/7468"}],"wp:attachment":[{"href":"https:\/\/largilliere-finance.com\/en\/wp-json\/wp\/v2\/media?parent=4008"}],"curies":[{"name":"wp","href":"https:\/\/api.w.org\/{rel}","templated":true}]}}