{"id":4007,"date":"2021-07-21T10:56:44","date_gmt":"2021-07-21T08:56:44","guid":{"rendered":"http:\/\/largilliere-finance.com\/mentions-legales\/"},"modified":"2023-10-19T10:58:56","modified_gmt":"2023-10-19T08:58:56","slug":"legal-terms","status":"publish","type":"page","link":"https:\/\/largilliere-finance.com\/en\/legal-terms\/","title":{"rendered":"Legal terms"},"content":{"rendered":"\t\t<div data-elementor-type=\"wp-page\" data-elementor-id=\"4007\" class=\"elementor elementor-4007 elementor-2465\" data-elementor-post-type=\"page\">\n\t\t\t\t\t\t<section class=\"elementor-section elementor-top-section elementor-element elementor-element-1cd3862 elementor-section-height-min-height elementor-section-boxed elementor-section-height-default elementor-section-items-middle\" data-id=\"1cd3862\" data-element_type=\"section\" data-settings=\"{&quot;background_background&quot;:&quot;classic&quot;}\">\n\t\t\t\t\t\t\t<div class=\"elementor-background-overlay\"><\/div>\n\t\t\t\t\t\t\t<div class=\"elementor-container elementor-column-gap-default\">\n\t\t\t\t\t<div class=\"elementor-column elementor-col-50 elementor-top-column elementor-element elementor-element-5617648\" data-id=\"5617648\" data-element_type=\"column\">\n\t\t\t<div class=\"elementor-widget-wrap elementor-element-populated\">\n\t\t\t\t\t\t<div class=\"elementor-element elementor-element-f62b437 elementor-widget elementor-widget-heading\" data-id=\"f62b437\" data-element_type=\"widget\" data-widget_type=\"heading.default\">\n\t\t\t\t<div class=\"elementor-widget-container\">\n\t\t\t\t\t<h1 class=\"elementor-heading-title elementor-size-default\">Legal terms<\/h1>\t\t\t\t<\/div>\n\t\t\t\t<\/div>\n\t\t\t\t\t<\/div>\n\t\t<\/div>\n\t\t\t\t<div class=\"elementor-column elementor-col-50 elementor-top-column elementor-element elementor-element-1130f76 elementor-hidden-phone\" data-id=\"1130f76\" data-element_type=\"column\">\n\t\t\t<div class=\"elementor-widget-wrap\">\n\t\t\t\t\t\t\t<\/div>\n\t\t<\/div>\n\t\t\t\t\t<\/div>\n\t\t<\/section>\n\t\t\t\t<section class=\"elementor-section elementor-top-section elementor-element elementor-element-72463ef elementor-section-boxed elementor-section-height-default elementor-section-height-default\" data-id=\"72463ef\" data-element_type=\"section\">\n\t\t\t\t\t\t<div class=\"elementor-container elementor-column-gap-default\">\n\t\t\t\t\t<div class=\"elementor-column elementor-col-100 elementor-top-column elementor-element elementor-element-15cb941\" data-id=\"15cb941\" data-element_type=\"column\">\n\t\t\t<div class=\"elementor-widget-wrap elementor-element-populated\">\n\t\t\t\t\t\t<div class=\"elementor-element elementor-element-c3caaae elementor-widget elementor-widget-text-editor\" data-id=\"c3caaae\" data-element_type=\"widget\" data-widget_type=\"text-editor.default\">\n\t\t\t\t<div class=\"elementor-widget-container\">\n\t\t\t\t\t\t\t\t\t<p>You are currently connected to the website largilliere-finance.com, exclusive property of Largilli\u00e8re Finance.<\/p>\n<p>This site uses Google Analytics.<\/p>\n<p>Company name: Largilli\u00e8re Finance, a simplified joint stock company with a capital of 45,400 euros, registered in the Paris Trade and Companies Register under number 485 091 920.<\/p>\n<ul>\n<li><strong>Registered office:<\/strong> 156, Boulevard Haussmann, 75008 Paris<\/li>\n<li><strong>Telephone number:<\/strong> +33 1 46 10 07 96<\/li>\n<li><strong>Director of publication:<\/strong> Paul Bougnoux<\/li>\n<li><strong>Website created by:<\/strong> NewRound<\/li>\n<li><strong>Host:<\/strong> this site is hosted by OVH<\/li>\n<\/ul>\n\t\t\t\t\t\t\t\t<\/div>\n\t\t\t\t<\/div>\n\t\t\t\t\t<\/div>\n\t\t<\/div>\n\t\t\t\t\t<\/div>\n\t\t<\/section>\n\t\t\t\t<\/div>\n\t\t","protected":false},"excerpt":{"rendered":"","protected":false},"author":2,"featured_media":0,"parent":0,"menu_order":29,"comment_status":"closed","ping_status":"closed","template":"elementor_header_footer","meta":{"_acf_changed":false,"inline_featured_image":false,"footnotes":""},"class_list":["post-4007","page","type-page","status-publish","hentry"],"acf":[],"yoast_head":"<!-- This site is optimized with the Yoast SEO plugin v27.4 - https:\/\/yoast.com\/product\/yoast-seo-wordpress\/ -->\n<title>Legal terms - Largilli\u00e8re<\/title>\n<meta name=\"robots\" content=\"index, follow, max-snippet:-1, max-image-preview:large, max-video-preview:-1\" \/>\n<link rel=\"canonical\" href=\"https:\/\/largilliere-finance.com\/en\/legal-terms\/\" \/>\n<meta property=\"og:locale\" content=\"en_US\" \/>\n<meta property=\"og:type\" content=\"article\" \/>\n<meta property=\"og:title\" content=\"Legal terms - Largilli\u00e8re\" \/>\n<meta property=\"og:url\" content=\"https:\/\/largilliere-finance.com\/en\/legal-terms\/\" \/>\n<meta property=\"og:site_name\" content=\"Largilli\u00e8re\" \/>\n<meta property=\"article:modified_time\" content=\"2023-10-19T08:58:56+00:00\" \/>\n<meta name=\"twitter:card\" content=\"summary_large_image\" \/>\n<script type=\"application\/ld+json\" class=\"yoast-schema-graph\">{\"@context\":\"https:\\\/\\\/schema.org\",\"@graph\":[{\"@type\":\"WebPage\",\"@id\":\"https:\\\/\\\/largilliere-finance.com\\\/en\\\/legal-terms\\\/\",\"url\":\"https:\\\/\\\/largilliere-finance.com\\\/en\\\/legal-terms\\\/\",\"name\":\"Legal terms - Largilli\u00e8re\",\"isPartOf\":{\"@id\":\"https:\\\/\\\/largilliere-finance.com\\\/en\\\/#website\"},\"datePublished\":\"2021-07-21T08:56:44+00:00\",\"dateModified\":\"2023-10-19T08:58:56+00:00\",\"inLanguage\":\"en-US\",\"potentialAction\":[{\"@type\":\"ReadAction\",\"target\":[\"https:\\\/\\\/largilliere-finance.com\\\/en\\\/legal-terms\\\/\"]}]},{\"@type\":\"WebSite\",\"@id\":\"https:\\\/\\\/largilliere-finance.com\\\/en\\\/#website\",\"url\":\"https:\\\/\\\/largilliere-finance.com\\\/en\\\/\",\"name\":\"Largilli\u00e8re\",\"description\":\"Banque d&#039;affaires sp\u00e9cialiste des op\u00e9rations small et mid cap\",\"potentialAction\":[{\"@type\":\"SearchAction\",\"target\":{\"@type\":\"EntryPoint\",\"urlTemplate\":\"https:\\\/\\\/largilliere-finance.com\\\/en\\\/?s={search_term_string}\"},\"query-input\":{\"@type\":\"PropertyValueSpecification\",\"valueRequired\":true,\"valueName\":\"search_term_string\"}}],\"inLanguage\":\"en-US\"}]}<\/script>\n<!-- \/ Yoast SEO plugin. -->","yoast_head_json":{"title":"Legal terms - Largilli\u00e8re","robots":{"index":"index","follow":"follow","max-snippet":"max-snippet:-1","max-image-preview":"max-image-preview:large","max-video-preview":"max-video-preview:-1"},"canonical":"https:\/\/largilliere-finance.com\/en\/legal-terms\/","og_locale":"en_US","og_type":"article","og_title":"Legal terms - Largilli\u00e8re","og_url":"https:\/\/largilliere-finance.com\/en\/legal-terms\/","og_site_name":"Largilli\u00e8re","article_modified_time":"2023-10-19T08:58:56+00:00","twitter_card":"summary_large_image","schema":{"@context":"https:\/\/schema.org","@graph":[{"@type":"WebPage","@id":"https:\/\/largilliere-finance.com\/en\/legal-terms\/","url":"https:\/\/largilliere-finance.com\/en\/legal-terms\/","name":"Legal terms - Largilli\u00e8re","isPartOf":{"@id":"https:\/\/largilliere-finance.com\/en\/#website"},"datePublished":"2021-07-21T08:56:44+00:00","dateModified":"2023-10-19T08:58:56+00:00","inLanguage":"en-US","potentialAction":[{"@type":"ReadAction","target":["https:\/\/largilliere-finance.com\/en\/legal-terms\/"]}]},{"@type":"WebSite","@id":"https:\/\/largilliere-finance.com\/en\/#website","url":"https:\/\/largilliere-finance.com\/en\/","name":"Largilli\u00e8re","description":"Banque d&#039;affaires sp\u00e9cialiste des op\u00e9rations small et mid cap","potentialAction":[{"@type":"SearchAction","target":{"@type":"EntryPoint","urlTemplate":"https:\/\/largilliere-finance.com\/en\/?s={search_term_string}"},"query-input":{"@type":"PropertyValueSpecification","valueRequired":true,"valueName":"search_term_string"}}],"inLanguage":"en-US"}]}},"_links":{"self":[{"href":"https:\/\/largilliere-finance.com\/en\/wp-json\/wp\/v2\/pages\/4007","targetHints":{"allow":["GET"]}}],"collection":[{"href":"https:\/\/largilliere-finance.com\/en\/wp-json\/wp\/v2\/pages"}],"about":[{"href":"https:\/\/largilliere-finance.com\/en\/wp-json\/wp\/v2\/types\/page"}],"author":[{"embeddable":true,"href":"https:\/\/largilliere-finance.com\/en\/wp-json\/wp\/v2\/users\/2"}],"replies":[{"embeddable":true,"href":"https:\/\/largilliere-finance.com\/en\/wp-json\/wp\/v2\/comments?post=4007"}],"version-history":[{"count":3,"href":"https:\/\/largilliere-finance.com\/en\/wp-json\/wp\/v2\/pages\/4007\/revisions"}],"predecessor-version":[{"id":7465,"href":"https:\/\/largilliere-finance.com\/en\/wp-json\/wp\/v2\/pages\/4007\/revisions\/7465"}],"wp:attachment":[{"href":"https:\/\/largilliere-finance.com\/en\/wp-json\/wp\/v2\/media?parent=4007"}],"curies":[{"name":"wp","href":"https:\/\/api.w.org\/{rel}","templated":true}]}}