{"id":3366,"date":"2021-06-15T19:04:30","date_gmt":"2021-06-15T17:04:30","guid":{"rendered":"http:\/\/largilliere-finance.com\/contact\/"},"modified":"2025-12-12T10:33:48","modified_gmt":"2025-12-12T09:33:48","slug":"contact","status":"publish","type":"page","link":"https:\/\/largilliere-finance.com\/en\/contact\/","title":{"rendered":"Contact"},"content":{"rendered":"\t\t<div data-elementor-type=\"wp-page\" data-elementor-id=\"3366\" class=\"elementor elementor-3366 elementor-618\" data-elementor-post-type=\"page\">\n\t\t\t\t\t\t<section data-dce-background-image-url=\"https:\/\/largilliere-finance.com\/wp-content\/uploads\/2023\/06\/Largiliere-Finance-2000-28-e1697706022749.jpg\" class=\"elementor-section elementor-top-section elementor-element elementor-element-1320141 elementor-section-height-min-height elementor-section-boxed elementor-section-height-default elementor-section-items-middle\" data-id=\"1320141\" data-element_type=\"section\" data-settings=\"{&quot;background_background&quot;:&quot;classic&quot;,&quot;background_motion_fx_blur_effect&quot;:&quot;yes&quot;,&quot;background_motion_fx_blur_level&quot;:{&quot;unit&quot;:&quot;px&quot;,&quot;size&quot;:2,&quot;sizes&quot;:[]},&quot;background_motion_fx_motion_fx_scrolling&quot;:&quot;yes&quot;,&quot;background_motion_fx_blur_direction&quot;:&quot;out-in&quot;,&quot;background_motion_fx_blur_range&quot;:{&quot;unit&quot;:&quot;%&quot;,&quot;size&quot;:&quot;&quot;,&quot;sizes&quot;:{&quot;start&quot;:20,&quot;end&quot;:80}},&quot;background_motion_fx_devices&quot;:[&quot;desktop&quot;,&quot;tablet&quot;,&quot;mobile&quot;]}\">\n\t\t\t\t\t\t\t<div class=\"elementor-background-overlay\"><\/div>\n\t\t\t\t\t\t\t<div class=\"elementor-container elementor-column-gap-default\">\n\t\t\t\t\t<div class=\"elementor-column elementor-col-50 elementor-top-column elementor-element elementor-element-9569f1e\" data-id=\"9569f1e\" data-element_type=\"column\" data-settings=\"{&quot;background_background&quot;:&quot;classic&quot;}\">\n\t\t\t<div class=\"elementor-widget-wrap elementor-element-populated\">\n\t\t\t\t\t\t<div class=\"elementor-element elementor-element-a53bca4 elementor-widget elementor-widget-heading\" data-id=\"a53bca4\" data-element_type=\"widget\" data-widget_type=\"heading.default\">\n\t\t\t\t<div class=\"elementor-widget-container\">\n\t\t\t\t\t<h1 class=\"elementor-heading-title elementor-size-default\">Contact<\/h1>\t\t\t\t<\/div>\n\t\t\t\t<\/div>\n\t\t\t\t\t<\/div>\n\t\t<\/div>\n\t\t\t\t<div class=\"elementor-column elementor-col-50 elementor-top-column elementor-element elementor-element-e9be01b elementor-hidden-phone\" data-id=\"e9be01b\" data-element_type=\"column\">\n\t\t\t<div class=\"elementor-widget-wrap\">\n\t\t\t\t\t\t\t<\/div>\n\t\t<\/div>\n\t\t\t\t\t<\/div>\n\t\t<\/section>\n\t\t\t\t<section class=\"elementor-section elementor-top-section elementor-element elementor-element-72463ef elementor-section-boxed elementor-section-height-default elementor-section-height-default\" data-id=\"72463ef\" data-element_type=\"section\">\n\t\t\t\t\t\t<div class=\"elementor-container elementor-column-gap-default\">\n\t\t\t\t\t<div class=\"elementor-column elementor-col-100 elementor-top-column elementor-element elementor-element-15cb941\" data-id=\"15cb941\" data-element_type=\"column\">\n\t\t\t<div class=\"elementor-widget-wrap elementor-element-populated\">\n\t\t\t\t\t\t<div class=\"elementor-element elementor-element-c3caaae elementor-widget elementor-widget-text-editor\" data-id=\"c3caaae\" data-element_type=\"widget\" data-widget_type=\"text-editor.default\">\n\t\t\t\t<div class=\"elementor-widget-container\">\n\t\t\t\t\t\t\t\t\tSpecify your project to get a personalized answer.<br \/>\r\nOur teams will mobilize as soon as possible to contact you.\t\t\t\t\t\t\t\t<\/div>\n\t\t\t\t<\/div>\n\t\t\t\t\t<\/div>\n\t\t<\/div>\n\t\t\t\t\t<\/div>\n\t\t<\/section>\n\t\t\t\t<section class=\"elementor-section elementor-top-section elementor-element elementor-element-bc31158 elementor-section-boxed elementor-section-height-default elementor-section-height-default\" data-id=\"bc31158\" data-element_type=\"section\">\n\t\t\t\t\t\t<div class=\"elementor-container elementor-column-gap-default\">\n\t\t\t\t\t<div class=\"elementor-column elementor-col-100 elementor-top-column elementor-element elementor-element-5e83b28\" data-id=\"5e83b28\" data-element_type=\"column\">\n\t\t\t<div class=\"elementor-widget-wrap elementor-element-populated\">\n\t\t\t\t\t\t<div class=\"elementor-element elementor-element-5c4e714 elementor-view-default elementor-invisible elementor-widget elementor-widget-icon\" data-id=\"5c4e714\" data-element_type=\"widget\" data-settings=\"{&quot;_animation&quot;:&quot;fadeInDown&quot;}\" data-widget_type=\"icon.default\">\n\t\t\t\t<div class=\"elementor-widget-container\">\n\t\t\t\t\t\t\t<div class=\"elementor-icon-wrapper\">\n\t\t\t<div class=\"elementor-icon\">\n\t\t\t<i aria-hidden=\"true\" class=\"icon icon-mail-equipe\"><\/i>\t\t\t<\/div>\n\t\t<\/div>\n\t\t\t\t\t\t<\/div>\n\t\t\t\t<\/div>\n\t\t\t\t<div class=\"elementor-element elementor-element-e114000 elementor-button-align-stretch elementor-widget elementor-widget-form\" data-id=\"e114000\" data-element_type=\"widget\" data-settings=\"{&quot;step_next_label&quot;:&quot;Suivant&quot;,&quot;step_previous_label&quot;:&quot;Pr\\u00e9c\\u00e9dent&quot;,&quot;button_width&quot;:&quot;100&quot;,&quot;step_type&quot;:&quot;number_text&quot;,&quot;step_icon_shape&quot;:&quot;circle&quot;}\" data-widget_type=\"form.default\">\n\t\t\t\t<div class=\"elementor-widget-container\">\n\t\t\t\t\t\t\t<form class=\"elementor-form\" method=\"post\" name=\"Nouveau formulaire\">\n\t\t\t<input type=\"hidden\" name=\"post_id\" value=\"3366\"\/>\n\t\t\t<input type=\"hidden\" name=\"form_id\" value=\"e114000\"\/>\n\t\t\t<input type=\"hidden\" name=\"referer_title\" value=\"Largilli\u00e8re\" \/>\n\n\t\t\t\n\t\t\t<div class=\"elementor-form-fields-wrapper elementor-labels-\">\n\t\t\t\t\t\t\t\t<div class=\"elementor-field-type-text elementor-field-group elementor-column elementor-field-group-name elementor-col-50 elementor-field-required\">\n\t\t\t\t\t\t\t\t\t\t\t\t<label for=\"form-field-name\" class=\"elementor-field-label elementor-screen-only\">\n\t\t\t\t\t\t\t\tNom\t\t\t\t\t\t\t<\/label>\n\t\t\t\t\t\t\t\t\t\t\t\t\t\t<input size=\"1\" type=\"text\" name=\"form_fields[name]\" id=\"form-field-name\" class=\"elementor-field elementor-size-md  elementor-field-textual\" placeholder=\"Name*\" required=\"required\">\n\t\t\t\t\t\t\t\t\t\t\t<\/div>\n\t\t\t\t\t\t\t\t<div class=\"elementor-field-type-text elementor-field-group elementor-column elementor-field-group-field_4cd2d53 elementor-col-50 elementor-field-required\">\n\t\t\t\t\t\t\t\t\t\t\t\t<label for=\"form-field-field_4cd2d53\" class=\"elementor-field-label elementor-screen-only\">\n\t\t\t\t\t\t\t\tPr\u00e9nom\t\t\t\t\t\t\t<\/label>\n\t\t\t\t\t\t\t\t\t\t\t\t\t\t<input size=\"1\" type=\"text\" name=\"form_fields[field_4cd2d53]\" id=\"form-field-field_4cd2d53\" class=\"elementor-field elementor-size-md  elementor-field-textual\" placeholder=\"Firstname*\" required=\"required\">\n\t\t\t\t\t\t\t\t\t\t\t<\/div>\n\t\t\t\t\t\t\t\t<div class=\"elementor-field-type-tel elementor-field-group elementor-column elementor-field-group-email elementor-col-50 elementor-field-required\">\n\t\t\t\t\t\t\t\t\t\t\t\t<label for=\"form-field-email\" class=\"elementor-field-label elementor-screen-only\">\n\t\t\t\t\t\t\t\tT\u00e9l\t\t\t\t\t\t\t<\/label>\n\t\t\t\t\t\t\t\t<input size=\"1\" type=\"tel\" name=\"form_fields[email]\" id=\"form-field-email\" class=\"elementor-field elementor-size-md  elementor-field-textual\" placeholder=\"Phone*\" required=\"required\" pattern=\"[0-9()#&amp;+*-=.]+\" title=\"Only numbers and phone characters (#, -, *, etc) are accepted.\">\n\n\t\t\t\t\t\t<\/div>\n\t\t\t\t\t\t\t\t<div class=\"elementor-field-type-email elementor-field-group elementor-column elementor-field-group-field_21b3ceb elementor-col-50 elementor-field-required\">\n\t\t\t\t\t\t\t\t\t\t\t\t<label for=\"form-field-field_21b3ceb\" class=\"elementor-field-label elementor-screen-only\">\n\t\t\t\t\t\t\t\tE-mail\t\t\t\t\t\t\t<\/label>\n\t\t\t\t\t\t\t\t\t\t\t\t\t\t<input size=\"1\" type=\"email\" name=\"form_fields[field_21b3ceb]\" id=\"form-field-field_21b3ceb\" class=\"elementor-field elementor-size-md  elementor-field-textual\" placeholder=\"E-mail*\" required=\"required\">\n\t\t\t\t\t\t\t\t\t\t\t<\/div>\n\t\t\t\t\t\t\t\t<div class=\"elementor-field-type-text elementor-field-group elementor-column elementor-field-group-field_2a360c8 elementor-col-50\">\n\t\t\t\t\t\t\t\t\t\t\t\t<label for=\"form-field-field_2a360c8\" class=\"elementor-field-label elementor-screen-only\">\n\t\t\t\t\t\t\t\tEntreprise\t\t\t\t\t\t\t<\/label>\n\t\t\t\t\t\t\t\t\t\t\t\t\t\t<input size=\"1\" type=\"text\" name=\"form_fields[field_2a360c8]\" id=\"form-field-field_2a360c8\" class=\"elementor-field elementor-size-md  elementor-field-textual\" placeholder=\"Company\">\n\t\t\t\t\t\t\t\t\t\t\t<\/div>\n\t\t\t\t\t\t\t\t<div class=\"elementor-field-type-text\">\n\t\t\t\t\t<input size=\"1\" type=\"text\" name=\"form_fields[field_1cc6b41]\" id=\"form-field-field_1cc6b41\" class=\"elementor-field elementor-size-md \" style=\"display:none !important;\">\t\t\t\t<\/div>\n\t\t\t\t\t\t\t\t<div class=\"elementor-field-type-text elementor-field-group elementor-column elementor-field-group-field_6b5604c elementor-col-50\">\n\t\t\t\t\t\t\t\t\t\t\t\t<label for=\"form-field-field_6b5604c\" class=\"elementor-field-label elementor-screen-only\">\n\t\t\t\t\t\t\t\tR\u00f4le\t\t\t\t\t\t\t<\/label>\n\t\t\t\t\t\t\t\t\t\t\t\t\t\t<input size=\"1\" type=\"text\" name=\"form_fields[field_6b5604c]\" id=\"form-field-field_6b5604c\" class=\"elementor-field elementor-size-md  elementor-field-textual\" placeholder=\"Job\">\n\t\t\t\t\t\t\t\t\t\t\t<\/div>\n\t\t\t\t\t\t\t\t<div class=\"elementor-field-type-text\">\n\t\t\t\t\t<input size=\"1\" type=\"text\" name=\"form_fields[field_a011aa4]\" id=\"form-field-field_a011aa4\" class=\"elementor-field elementor-size-md \" style=\"display:none !important;\">\t\t\t\t<\/div>\n\t\t\t\t\t\t\t\t<div class=\"elementor-field-type-textarea elementor-field-group elementor-column elementor-field-group-message elementor-col-100 elementor-field-required\">\n\t\t\t\t\t\t\t\t\t\t\t\t<label for=\"form-field-message\" class=\"elementor-field-label elementor-screen-only\">\n\t\t\t\t\t\t\t\tMessage\t\t\t\t\t\t\t<\/label>\n\t\t\t\t\t\t<textarea class=\"elementor-field-textual elementor-field  elementor-size-md\" name=\"form_fields[message]\" id=\"form-field-message\" rows=\"5\" placeholder=\"Message*\" required=\"required\"><\/textarea>\t\t\t\t<\/div>\n\t\t\t\t\t\t\t\t<div class=\"elementor-field-type-acceptance elementor-field-group elementor-column elementor-field-group-field_c8b1d6b elementor-col-100 elementor-field-required\">\n\t\t\t\t\t\t\t\t\t\t\t\t<label for=\"form-field-field_c8b1d6b\" class=\"elementor-field-label elementor-screen-only\">\n\t\t\t\t\t\t\t\tConsentement\t\t\t\t\t\t\t<\/label>\n\t\t\t\t\t\t\t\t<div class=\"elementor-field-subgroup\">\n\t\t\t<span class=\"elementor-field-option\">\n\t\t\t\t<input type=\"checkbox\" name=\"form_fields[field_c8b1d6b]\" id=\"form-field-field_c8b1d6b\" class=\"elementor-field elementor-size-md  elementor-acceptance-field\" required=\"required\">\n\t\t\t\t<label for=\"form-field-field_c8b1d6b\">The data collected by Largilli\u00e8re Finance are used to process your request. In accordance with the law \"Informatique et Libert\u00e9s du 6 Janvier 1978\", you have the right to access, modify, rectify and delete data concerning you. We are committed to the confidentiality and protection of your data.<\/label>\t\t\t<\/span>\n\t\t<\/div>\n\t\t\t\t\t\t<\/div>\n\t\t\t\t\t\t\t\t<div class=\"elementor-field-type-recaptcha elementor-field-group elementor-column elementor-field-group-field_8b1f626 elementor-col-100\">\n\t\t\t\t\t<div class=\"elementor-field\" id=\"form-field-field_8b1f626\"><div class=\"elementor-g-recaptcha\" data-sitekey=\"6Lev2IkqAAAAAJobd5Apj1e7YjVFINhp4C2HdDvn\" data-type=\"v2_checkbox\" data-theme=\"light\" data-size=\"normal\"><\/div><\/div>\t\t\t\t<\/div>\n\t\t\t\t\t\t\t\t<div class=\"elementor-field-group elementor-column elementor-field-type-submit elementor-col-100 e-form__buttons\">\n\t\t\t\t\t<button class=\"elementor-button elementor-size-sm\" type=\"submit\">\n\t\t\t\t\t\t<span class=\"elementor-button-content-wrapper\">\n\t\t\t\t\t\t\t\t\t\t\t\t\t\t\t\t\t\t\t\t\t\t<span class=\"elementor-button-text\">Send<\/span>\n\t\t\t\t\t\t\t\t\t\t\t\t\t<\/span>\n\t\t\t\t\t<\/button>\n\t\t\t\t<\/div>\n\t\t\t<\/div>\n\t\t<\/form>\n\t\t\t\t\t\t<\/div>\n\t\t\t\t<\/div>\n\t\t\t\t\t<\/div>\n\t\t<\/div>\n\t\t\t\t\t<\/div>\n\t\t<\/section>\n\t\t\t\t<section data-dce-background-color=\"#081035\" class=\"elementor-section elementor-top-section elementor-element elementor-element-aeaceb5 elementor-section-boxed elementor-section-height-default elementor-section-height-default\" data-id=\"aeaceb5\" data-element_type=\"section\" data-settings=\"{&quot;background_background&quot;:&quot;classic&quot;}\">\n\t\t\t\t\t\t<div class=\"elementor-container elementor-column-gap-default\">\n\t\t\t\t\t<div class=\"elementor-column elementor-col-100 elementor-top-column elementor-element elementor-element-d248656\" data-id=\"d248656\" data-element_type=\"column\">\n\t\t\t<div class=\"elementor-widget-wrap elementor-element-populated\">\n\t\t\t\t\t\t<div class=\"elementor-element elementor-element-cf639db elementor-view-default elementor-widget elementor-widget-icon\" data-id=\"cf639db\" data-element_type=\"widget\" data-widget_type=\"icon.default\">\n\t\t\t\t<div class=\"elementor-widget-container\">\n\t\t\t\t\t\t\t<div class=\"elementor-icon-wrapper\">\n\t\t\t<div class=\"elementor-icon\">\n\t\t\t<i aria-hidden=\"true\" class=\"icon icon-world\"><\/i>\t\t\t<\/div>\n\t\t<\/div>\n\t\t\t\t\t\t<\/div>\n\t\t\t\t<\/div>\n\t\t\t\t<div class=\"elementor-element elementor-element-4d8a13b elementor-widget elementor-widget-heading\" data-id=\"4d8a13b\" data-element_type=\"widget\" data-widget_type=\"heading.default\">\n\t\t\t\t<div class=\"elementor-widget-container\">\n\t\t\t\t\t<h2 class=\"elementor-heading-title elementor-size-default\">Our offices<\/h2>\t\t\t\t<\/div>\n\t\t\t\t<\/div>\n\t\t\t\t<div class=\"elementor-element elementor-element-69aa148 elementor-widget elementor-widget-ucaddon_ue_listing_grid_copy_copy\" data-id=\"69aa148\" data-element_type=\"widget\" data-widget_type=\"ucaddon_ue_listing_grid_copy_copy.default\">\n\t\t\t\t<div class=\"elementor-widget-container\">\n\t\t\t\t\t\n<!-- start Repeater adresses contact -->\n<style>\/* widget: Repeater adresses contact *\/\n\n.ue-grid .bloc_add .ville {\t\n\tcolor: var( --e-global-color-accent );\n    font-family: \"Barlow\", Sans-serif;\n    font-size: 18px;\n    text-transform: uppercase;\n    letter-spacing: 1px;\n  \tdisplay: block;\n  \tmargin-bottom: 20px;\n}\n\n.ue-grid .bloc_add .adresse { \n  \tcolor: #C4C4C4;\t\n}\n\n.ue-grid .bloc_add .border {\n  display: block;\n  height: 1px;\n  width: 50%;\n  background-color: var( --e-global-color-accent );\n  margin-top: 20px;\n}\n\n#uc_ue_listing_grid_copy_copy_elementor_69aa148 {\n\tgrid-template-columns: repeat(3, 1fr);\n    display: grid;\n}\n\n\n@media (max-width:1023px){\n\t#uc_ue_listing_grid_copy_copy_elementor_69aa148 {\n\t\tgrid-template-columns: repeat(3, 1fr);\n\t}\n}\n@media (max-width:639px){\n\t#uc_ue_listing_grid_copy_copy_elementor_69aa148 {\n\t\tgrid-template-columns: repeat(1, 1fr);\n\t}\n}\n\n<\/style>\n\n<div class=\"ue-grid\" id=\"uc_ue_listing_grid_copy_copy_elementor_69aa148\">\n  <div class=\"bloc_add\">\n    <span class=\"ville\"> PARIS <\/span>\n    <span class=\"adresse\"> 5, rue Fran\u00e7ois 1er<br \/>\r\n75008 Paris<br \/>\r\nFrance <\/span>\n    <span class=\"border\"><\/span>\n  <\/div>\n  <div class=\"bloc_add\">\n    <span class=\"ville\"> LYON <\/span>\n    <span class=\"adresse\"> 4, place Am\u00e9d\u00e9e Bonnet<br \/>\r\n69200 Lyon<br \/>\r\nFrance <\/span>\n    <span class=\"border\"><\/span>\n  <\/div>\n  <div class=\"bloc_add\">\n    <span class=\"ville\"> NANTES <\/span>\n    <span class=\"adresse\"> CCI Nantes Saint Nazaire<br \/>\r\n1 rue Fran\u00e7oise Sagan<br \/>\r\n44800 Saint\u00a0Herblain<br \/>\r\nFrance<br \/>\r\n+33 1 46 10 07 96 <br \/>\r\ncontact@largilliere-finance.com <\/span>\n    <span class=\"border\"><\/span>\n  <\/div>\n  <div class=\"bloc_add\">\n    <span class=\"ville\"> BORDEAUX <\/span>\n    <span class=\"adresse\"> 1, cours Xavier Arnozan<br \/>\r\n33000 Bordeaux<br \/>\r\nFrance <\/span>\n    <span class=\"border\"><\/span>\n  <\/div>\n  <div class=\"bloc_add\">\n    <span class=\"ville\"> BRUSSELS <\/span>\n    <span class=\"adresse\"> 367, avenue Louise<br \/>\r\n1050 Brussels<br \/>\r\nBelgium <\/span>\n    <span class=\"border\"><\/span>\n  <\/div>\n  <div class=\"bloc_add\">\n    <span class=\"ville\"> GENEVA <\/span>\n    <span class=\"adresse\"> Rue des Alpes, 5<br \/>\r\n1201 Geneva<br \/>\r\nSwitzerland<br \/>\r\n <\/span>\n    <span class=\"border\"><\/span>\n  <\/div>\n<\/div>\n<!-- end Repeater adresses contact -->\t\t\t\t<\/div>\n\t\t\t\t<\/div>\n\t\t\t\t\t<\/div>\n\t\t<\/div>\n\t\t\t\t\t<\/div>\n\t\t<\/section>\n\t\t\t\t<\/div>\n\t\t","protected":false},"excerpt":{"rendered":"<p>Our offices PARIS 17-19, avenue Montaigne &#8211; 75008 Paris &#8211; France LYON 4, place Am\u00e9d\u00e9e Bonnet &#8211; 69200 Lyon &#8211; France NANTES CCI Nantes Saint Nazaire 1 rue Fran\u00e7oise Sagan 44800 Saint\u00a0Herblain France +33 1 46 10 07 96 contact@largilliere-finance.com BRUSSELS 367, avenue Louise &#8211; 1050 Brussels &#8211; Belgium GENEVA Rue des Alpes, 5 &#8211; [&hellip;]<\/p>\n","protected":false},"author":2,"featured_media":0,"parent":0,"menu_order":31,"comment_status":"closed","ping_status":"closed","template":"elementor_header_footer","meta":{"_acf_changed":false,"inline_featured_image":false,"footnotes":""},"class_list":["post-3366","page","type-page","status-publish","hentry"],"acf":[],"yoast_head":"<!-- This site is optimized with the Yoast SEO plugin v27.4 - https:\/\/yoast.com\/product\/yoast-seo-wordpress\/ -->\n<title>Contact - Largilli\u00e8re<\/title>\n<meta name=\"robots\" content=\"index, follow, max-snippet:-1, max-image-preview:large, max-video-preview:-1\" \/>\n<link rel=\"canonical\" href=\"https:\/\/largilliere-finance.com\/en\/contact\/\" \/>\n<meta property=\"og:locale\" content=\"en_US\" \/>\n<meta property=\"og:type\" content=\"article\" \/>\n<meta property=\"og:title\" content=\"Contact - Largilli\u00e8re\" \/>\n<meta property=\"og:description\" content=\"Our offices PARIS 17-19, avenue Montaigne &#8211; 75008 Paris &#8211; France LYON 4, place Am\u00e9d\u00e9e Bonnet &#8211; 69200 Lyon &#8211; France NANTES CCI Nantes Saint Nazaire 1 rue Fran\u00e7oise Sagan 44800 Saint\u00a0Herblain France +33 1 46 10 07 96 contact@largilliere-finance.com BRUSSELS 367, avenue Louise &#8211; 1050 Brussels &#8211; Belgium GENEVA Rue des Alpes, 5 &#8211; [&hellip;]\" \/>\n<meta property=\"og:url\" content=\"https:\/\/largilliere-finance.com\/en\/contact\/\" \/>\n<meta property=\"og:site_name\" content=\"Largilli\u00e8re\" \/>\n<meta property=\"article:modified_time\" content=\"2025-12-12T09:33:48+00:00\" \/>\n<meta name=\"twitter:card\" content=\"summary_large_image\" \/>\n<meta name=\"twitter:label1\" content=\"Est. reading time\" \/>\n\t<meta name=\"twitter:data1\" content=\"2 minutes\" \/>\n<script type=\"application\/ld+json\" class=\"yoast-schema-graph\">{\"@context\":\"https:\\\/\\\/schema.org\",\"@graph\":[{\"@type\":\"WebPage\",\"@id\":\"https:\\\/\\\/largilliere-finance.com\\\/en\\\/contact\\\/\",\"url\":\"https:\\\/\\\/largilliere-finance.com\\\/en\\\/contact\\\/\",\"name\":\"Contact - Largilli\u00e8re\",\"isPartOf\":{\"@id\":\"https:\\\/\\\/largilliere-finance.com\\\/en\\\/#website\"},\"datePublished\":\"2021-06-15T17:04:30+00:00\",\"dateModified\":\"2025-12-12T09:33:48+00:00\",\"inLanguage\":\"en-US\",\"potentialAction\":[{\"@type\":\"ReadAction\",\"target\":[\"https:\\\/\\\/largilliere-finance.com\\\/en\\\/contact\\\/\"]}]},{\"@type\":\"WebSite\",\"@id\":\"https:\\\/\\\/largilliere-finance.com\\\/en\\\/#website\",\"url\":\"https:\\\/\\\/largilliere-finance.com\\\/en\\\/\",\"name\":\"Largilli\u00e8re\",\"description\":\"Banque d&#039;affaires sp\u00e9cialiste des op\u00e9rations small et mid cap\",\"potentialAction\":[{\"@type\":\"SearchAction\",\"target\":{\"@type\":\"EntryPoint\",\"urlTemplate\":\"https:\\\/\\\/largilliere-finance.com\\\/en\\\/?s={search_term_string}\"},\"query-input\":{\"@type\":\"PropertyValueSpecification\",\"valueRequired\":true,\"valueName\":\"search_term_string\"}}],\"inLanguage\":\"en-US\"}]}<\/script>\n<!-- \/ Yoast SEO plugin. -->","yoast_head_json":{"title":"Contact - Largilli\u00e8re","robots":{"index":"index","follow":"follow","max-snippet":"max-snippet:-1","max-image-preview":"max-image-preview:large","max-video-preview":"max-video-preview:-1"},"canonical":"https:\/\/largilliere-finance.com\/en\/contact\/","og_locale":"en_US","og_type":"article","og_title":"Contact - Largilli\u00e8re","og_description":"Our offices PARIS 17-19, avenue Montaigne &#8211; 75008 Paris &#8211; France LYON 4, place Am\u00e9d\u00e9e Bonnet &#8211; 69200 Lyon &#8211; France NANTES CCI Nantes Saint Nazaire 1 rue Fran\u00e7oise Sagan 44800 Saint\u00a0Herblain France +33 1 46 10 07 96 contact@largilliere-finance.com BRUSSELS 367, avenue Louise &#8211; 1050 Brussels &#8211; Belgium GENEVA Rue des Alpes, 5 &#8211; [&hellip;]","og_url":"https:\/\/largilliere-finance.com\/en\/contact\/","og_site_name":"Largilli\u00e8re","article_modified_time":"2025-12-12T09:33:48+00:00","twitter_card":"summary_large_image","twitter_misc":{"Est. reading time":"2 minutes"},"schema":{"@context":"https:\/\/schema.org","@graph":[{"@type":"WebPage","@id":"https:\/\/largilliere-finance.com\/en\/contact\/","url":"https:\/\/largilliere-finance.com\/en\/contact\/","name":"Contact - Largilli\u00e8re","isPartOf":{"@id":"https:\/\/largilliere-finance.com\/en\/#website"},"datePublished":"2021-06-15T17:04:30+00:00","dateModified":"2025-12-12T09:33:48+00:00","inLanguage":"en-US","potentialAction":[{"@type":"ReadAction","target":["https:\/\/largilliere-finance.com\/en\/contact\/"]}]},{"@type":"WebSite","@id":"https:\/\/largilliere-finance.com\/en\/#website","url":"https:\/\/largilliere-finance.com\/en\/","name":"Largilli\u00e8re","description":"Banque d&#039;affaires sp\u00e9cialiste des op\u00e9rations small et mid cap","potentialAction":[{"@type":"SearchAction","target":{"@type":"EntryPoint","urlTemplate":"https:\/\/largilliere-finance.com\/en\/?s={search_term_string}"},"query-input":{"@type":"PropertyValueSpecification","valueRequired":true,"valueName":"search_term_string"}}],"inLanguage":"en-US"}]}},"_links":{"self":[{"href":"https:\/\/largilliere-finance.com\/en\/wp-json\/wp\/v2\/pages\/3366","targetHints":{"allow":["GET"]}}],"collection":[{"href":"https:\/\/largilliere-finance.com\/en\/wp-json\/wp\/v2\/pages"}],"about":[{"href":"https:\/\/largilliere-finance.com\/en\/wp-json\/wp\/v2\/types\/page"}],"author":[{"embeddable":true,"href":"https:\/\/largilliere-finance.com\/en\/wp-json\/wp\/v2\/users\/2"}],"replies":[{"embeddable":true,"href":"https:\/\/largilliere-finance.com\/en\/wp-json\/wp\/v2\/comments?post=3366"}],"version-history":[{"count":39,"href":"https:\/\/largilliere-finance.com\/en\/wp-json\/wp\/v2\/pages\/3366\/revisions"}],"predecessor-version":[{"id":10704,"href":"https:\/\/largilliere-finance.com\/en\/wp-json\/wp\/v2\/pages\/3366\/revisions\/10704"}],"wp:attachment":[{"href":"https:\/\/largilliere-finance.com\/en\/wp-json\/wp\/v2\/media?parent=3366"}],"curies":[{"name":"wp","href":"https:\/\/api.w.org\/{rel}","templated":true}]}}